{"id":2090,"date":"2023-05-03T12:37:48","date_gmt":"2023-05-03T09:37:48","guid":{"rendered":"https:\/\/sftec.fi\/?page_id=2090"},"modified":"2023-05-03T16:54:46","modified_gmt":"2023-05-03T13:54:46","slug":"privacy-policy","status":"publish","type":"page","link":"https:\/\/sftec.fi\/en\/privacy-policy","title":{"rendered":"Privacy policy"},"content":{"rendered":"\t\t<div data-elementor-type=\"wp-page\" data-elementor-id=\"2090\" class=\"elementor elementor-2090 elementor-2089\">\n\t\t\t\t\t\t\t\t\t<section class=\"elementor-section elementor-top-section elementor-element elementor-element-7597818 elementor-section-boxed elementor-section-height-default elementor-section-height-default\" data-id=\"7597818\" data-element_type=\"section\">\n\t\t\t\t\t\t<div class=\"elementor-container elementor-column-gap-default\">\n\t\t\t\t\t<div class=\"elementor-column elementor-col-100 elementor-top-column elementor-element elementor-element-28b9e69\" data-id=\"28b9e69\" data-element_type=\"column\">\n\t\t\t<div class=\"elementor-widget-wrap elementor-element-populated\">\n\t\t\t\t\t\t\t\t<section class=\"elementor-section elementor-inner-section elementor-element elementor-element-50b8a405 elementor-section-full_width elementor-reverse-tablet elementor-reverse-mobile elementor-section-height-default elementor-section-height-default\" data-id=\"50b8a405\" data-element_type=\"section\">\n\t\t\t\t\t\t<div class=\"elementor-container elementor-column-gap-default\">\n\t\t\t\t\t<div class=\"elementor-column elementor-col-100 elementor-inner-column elementor-element elementor-element-13d1a55d\" data-id=\"13d1a55d\" data-element_type=\"column\">\n\t\t\t<div class=\"elementor-widget-wrap elementor-element-populated\">\n\t\t\t\t\t\t\t\t<div class=\"elementor-element elementor-element-f3f91a elementor-widget elementor-widget-heading\" data-id=\"f3f91a\" data-element_type=\"widget\" data-widget_type=\"heading.default\">\n\t\t\t\t<div class=\"elementor-widget-container\">\n\t\t\t<style>\/*! elementor - v3.12.2 - 23-04-2023 *\/\n.elementor-heading-title{padding:0;margin:0;line-height:1}.elementor-widget-heading .elementor-heading-title[class*=elementor-size-]>a{color:inherit;font-size:inherit;line-height:inherit}.elementor-widget-heading .elementor-heading-title.elementor-size-small{font-size:15px}.elementor-widget-heading .elementor-heading-title.elementor-size-medium{font-size:19px}.elementor-widget-heading .elementor-heading-title.elementor-size-large{font-size:29px}.elementor-widget-heading .elementor-heading-title.elementor-size-xl{font-size:39px}.elementor-widget-heading .elementor-heading-title.elementor-size-xxl{font-size:59px}<\/style><h3 class=\"elementor-heading-title elementor-size-default\">Privacy policy<\/h3>\t\t<\/div>\n\t\t\t\t<\/div>\n\t\t\t\t<div class=\"elementor-element elementor-element-5a5eb6f2 elementor-widget elementor-widget-text-editor\" data-id=\"5a5eb6f2\" data-element_type=\"widget\" data-widget_type=\"text-editor.default\">\n\t\t\t\t<div class=\"elementor-widget-container\">\n\t\t\t<style>\/*! elementor - v3.12.2 - 23-04-2023 *\/\n.elementor-widget-text-editor.elementor-drop-cap-view-stacked .elementor-drop-cap{background-color:#69727d;color:#fff}.elementor-widget-text-editor.elementor-drop-cap-view-framed .elementor-drop-cap{color:#69727d;border:3px solid;background-color:transparent}.elementor-widget-text-editor:not(.elementor-drop-cap-view-default) .elementor-drop-cap{margin-top:8px}.elementor-widget-text-editor:not(.elementor-drop-cap-view-default) .elementor-drop-cap-letter{width:1em;height:1em}.elementor-widget-text-editor .elementor-drop-cap{float:left;text-align:center;line-height:1;font-size:50px}.elementor-widget-text-editor .elementor-drop-cap-letter{display:inline-block}<\/style>\t\t\t\t<h4>The keeper of the register<\/h4>\n<p>SFTec Oy<br \/>Paavo Havaksen tie 5 F, <br \/>90570 Oulu, Finland<\/p>\n<p>Business ID: 2573995-2<\/p>\n<h4>Contact person in matters concerning the register<\/h4>\n<p>Jani Isok\u00e4\u00e4nt\u00e4<br \/>+358408348088<br \/>jani.isokaanta@sftec.fi<\/p>\n<h4>Registry name<\/h4>\n<p>SFTec Oy&#8217;s customer register<\/p>\n<h4>Purpose of the register<\/h4>\n<p>Handling contact requests via SFTec Oy&#8217;s website and maintaining customer relations.<\/p>\n<h4>Data content of the register<\/h4>\n<p>Data of the registrant, such as:<\/p>\n<p>Name<br \/>Company<br \/>Email address<br \/>Telephone number<\/p>\n<h4>Regular sources of information<\/h4>\n<p>Personal data is usually collected from the data subject himself. In addition, they can be collected from SFTec Oy&#8217;s information systems.<\/p>\n<h4>Regular data transfers and data transfer outside the EU or the European Economic Area<\/h4>\n<p>The data controller can disclose information within the limits permitted and required by the applicable legislation. Data can be transferred outside the EU or the European Economic Area as permitted by the Personal Data Act.<\/p>\n<h4>Principles of registry protection<\/h4>\n<p>The information in the register is stored in databases that are protected by firewalls, passwords or other technical means. The printouts containing the data of the registrants are kept in locked rooms so that unauthorized persons cannot access them.<\/p>\n<h4>Data retention period<\/h4>\n<p>Personal data related to a single purpose, such as a contact request, is stored for 90 days. Personal data related to the customer or other continuous purpose of use will be stored as long as the service is active.<\/p>\n<h4>The right to inspect personal data, the right to correction, deletion from the register and other rights related to the processing of personal data<\/h4>\n<p>The registered person has the right to check, correct or request the deletion of information concerning him from the personal register. Requests must be addressed in writing to the registry&#8217;s contact person.<\/p>\n<h4>Cookies<\/h4>\n<p>Our website uses cookies. A cookie is a small text file that the internet browser saves on the visitor&#8217;s device. Cookies are used, for example, when the visitor&#8217;s information is to be stored when the visitor moves from one page of the internet service to another. Cookies do not damage the visitor&#8217;s device or files. The cookie can be permanently stored on the visitor&#8217;s device or it can be deleted after using the service.<\/p>\n<p>Cookies can be used to collect, among other things, the following information:<\/p>\n<p>the visitor&#8217;s IP address<br \/>time<br \/>browser type<br \/>operating system<br \/>screen resolution<br \/>how the visitor came to the site (search engine, direct link, etc.)<br \/>previous visits to the site<br \/>used pages<\/p>\n<h4>The site&#8217;s own cookies<\/h4>\n<p>The site&#8217;s own cookies can store visitor-specific information and settings intended for use of the site, such as, for example, username, service login information, language or region selection. The information is used to implement the site&#8217;s functions, customize them and remember the choices made by the user. These cookies may be necessary for the operation and use of the site. Cookies do not store information that would be used for marketing or tracking visitors in other services or on other sites.<\/p>\n<h4>Third party cookies<\/h4>\n<p>With the help of services provided by third parties, we collect website visitor statistics and analyze the data. Our goal is to develop the quality and content of our website in a user-oriented way. In order to implement visitor tracking and analytics, the services can store their own cookies, and utilize and combine information that the service has collected about the same visitor on different sites.<\/p>\n<p>We ensure that the cloud or other online services we use outside the EU or the European Economic Area work in accordance with the Personal Data Act.<\/p>\n<p>You can read more about the activities of each service provider, the information collected, the use of cookies and the privacy practices on the respective service provider&#8217;s own website.<\/p>\n<h4>Services used on the website<\/h4>\n<p>We also use external services on the site, for example to monitor marketing and to serve our customers even better. Below are brief descriptions of the external services we use. We recommend that you also familiarize yourself with the services&#8217; own privacy policies.<\/p>\n<h4>Google analytics<\/h4>\n<p>Google Analytics is Google&#8217;s tracking tool, which tells, among other things, how many visitors the site has at certain times and how visitors come to the site. We use Analytics to monitor the behavior of marketing and target groups.<\/p>\n<p>More information: <a href=\"https:\/\/policies.google.com\/privacy\" target=\"_blank\" rel=\"noopener\"> Google Privacy Policy and Google Analytics Privacy and Security Policy.<\/a><\/p>\n<h4>Cookie management<\/h4>\n<p>You can delete existing cookies and prevent the use of cookies from the browser settings. Instructions can be found at aboutcookies.org. Disabling cookies can, however, prevent the site from functioning properly.<\/p>\n<p>With the Your Online Choices service, you can control how your data is collected and used in many different services.<\/p>\n\t\t\t\t\t\t<\/div>\n\t\t\t\t<\/div>\n\t\t\t\t\t<\/div>\n\t\t<\/div>\n\t\t\t\t\t\t\t<\/div>\n\t\t<\/section>\n\t\t\t\t\t<\/div>\n\t\t<\/div>\n\t\t\t\t\t\t\t<\/div>\n\t\t<\/section>\n\t\t\t\t\t\t\t<\/div>\n\t\t","protected":false},"excerpt":{"rendered":"<p>Privacy policy The keeper of the register SFTec OyPaavo Havaksen tie 5 F, 90570 Oulu, Finland Business ID: 2573995-2 Contact person in matters concerning the register Jani Isok\u00e4\u00e4nt\u00e4+358408348088jani.isokaanta@sftec.fi Registry name SFTec Oy&#8217;s customer register Purpose of the register Handling contact requests via SFTec Oy&#8217;s website and maintaining customer relations. Data content of the register Data [&hellip;]<\/p>\n","protected":false},"author":1,"featured_media":0,"parent":0,"menu_order":0,"comment_status":"closed","ping_status":"closed","template":"","meta":[],"yoast_head":"<!-- This site is optimized with the Yoast SEO plugin v20.7 - https:\/\/yoast.com\/wordpress\/plugins\/seo\/ -->\n<title>Privacy policy - SFTec - Drying new value<\/title>\n<meta name=\"robots\" content=\"index, follow, max-snippet:-1, max-image-preview:large, max-video-preview:-1\" \/>\n<link rel=\"canonical\" href=\"https:\/\/sftec.fi\/en\/privacy-policy\" \/>\n<meta property=\"og:locale\" content=\"en_US\" \/>\n<meta property=\"og:type\" content=\"article\" \/>\n<meta property=\"og:title\" content=\"Privacy policy - SFTec - Drying new value\" \/>\n<meta property=\"og:description\" content=\"Privacy policy The keeper of the register SFTec OyPaavo Havaksen tie 5 F, 90570 Oulu, Finland Business ID: 2573995-2 Contact person in matters concerning the register Jani Isok\u00e4\u00e4nt\u00e4+358408348088jani.isokaanta@sftec.fi Registry name SFTec Oy&#8217;s customer register Purpose of the register Handling contact requests via SFTec Oy&#8217;s website and maintaining customer relations. Data content of the register Data [&hellip;]\" \/>\n<meta property=\"og:url\" content=\"https:\/\/sftec.fi\/en\/privacy-policy\" \/>\n<meta property=\"og:site_name\" content=\"SFTec - Drying new value\" \/>\n<meta property=\"article:modified_time\" content=\"2023-05-03T13:54:46+00:00\" \/>\n<meta name=\"twitter:card\" content=\"summary_large_image\" \/>\n<meta name=\"twitter:label1\" content=\"Est. reading time\" \/>\n\t<meta name=\"twitter:data1\" content=\"4 minutes\" \/>\n<script type=\"application\/ld+json\" class=\"yoast-schema-graph\">{\"@context\":\"https:\/\/schema.org\",\"@graph\":[{\"@type\":\"WebPage\",\"@id\":\"https:\/\/sftec.fi\/en\/privacy-policy\",\"url\":\"https:\/\/sftec.fi\/en\/privacy-policy\",\"name\":\"Privacy policy - SFTec - Drying new value\",\"isPartOf\":{\"@id\":\"https:\/\/sftec.fi\/#website\"},\"datePublished\":\"2023-05-03T09:37:48+00:00\",\"dateModified\":\"2023-05-03T13:54:46+00:00\",\"breadcrumb\":{\"@id\":\"https:\/\/sftec.fi\/en\/privacy-policy#breadcrumb\"},\"inLanguage\":\"en-US\",\"potentialAction\":[{\"@type\":\"ReadAction\",\"target\":[\"https:\/\/sftec.fi\/en\/privacy-policy\"]}]},{\"@type\":\"BreadcrumbList\",\"@id\":\"https:\/\/sftec.fi\/en\/privacy-policy#breadcrumb\",\"itemListElement\":[{\"@type\":\"ListItem\",\"position\":1,\"name\":\"Home\",\"item\":\"https:\/\/sftec.fi\/en\"},{\"@type\":\"ListItem\",\"position\":2,\"name\":\"Privacy policy\"}]},{\"@type\":\"WebSite\",\"@id\":\"https:\/\/sftec.fi\/#website\",\"url\":\"https:\/\/sftec.fi\/\",\"name\":\"SFTec - Drying new value\",\"description\":\"\",\"publisher\":{\"@id\":\"https:\/\/sftec.fi\/#organization\"},\"potentialAction\":[{\"@type\":\"SearchAction\",\"target\":{\"@type\":\"EntryPoint\",\"urlTemplate\":\"https:\/\/sftec.fi\/?s={search_term_string}\"},\"query-input\":\"required name=search_term_string\"}],\"inLanguage\":\"en-US\"},{\"@type\":\"Organization\",\"@id\":\"https:\/\/sftec.fi\/#organization\",\"name\":\"SFTec\",\"url\":\"https:\/\/sftec.fi\/\",\"logo\":{\"@type\":\"ImageObject\",\"inLanguage\":\"en-US\",\"@id\":\"https:\/\/sftec.fi\/#\/schema\/logo\/image\/\",\"url\":\"https:\/\/sftec.fi\/wp-content\/uploads\/2023\/03\/SFTec-logo.png\",\"contentUrl\":\"https:\/\/sftec.fi\/wp-content\/uploads\/2023\/03\/SFTec-logo.png\",\"width\":398,\"height\":114,\"caption\":\"SFTec\"},\"image\":{\"@id\":\"https:\/\/sftec.fi\/#\/schema\/logo\/image\/\"},\"sameAs\":[\"https:\/\/www.linkedin.com\/company\/sftec\"]}]}<\/script>\n<!-- \/ Yoast SEO plugin. -->","yoast_head_json":{"title":"Privacy policy - SFTec - Drying new value","robots":{"index":"index","follow":"follow","max-snippet":"max-snippet:-1","max-image-preview":"max-image-preview:large","max-video-preview":"max-video-preview:-1"},"canonical":"https:\/\/sftec.fi\/en\/privacy-policy","og_locale":"en_US","og_type":"article","og_title":"Privacy policy - SFTec - Drying new value","og_description":"Privacy policy The keeper of the register SFTec OyPaavo Havaksen tie 5 F, 90570 Oulu, Finland Business ID: 2573995-2 Contact person in matters concerning the register Jani Isok\u00e4\u00e4nt\u00e4+358408348088jani.isokaanta@sftec.fi Registry name SFTec Oy&#8217;s customer register Purpose of the register Handling contact requests via SFTec Oy&#8217;s website and maintaining customer relations. Data content of the register Data [&hellip;]","og_url":"https:\/\/sftec.fi\/en\/privacy-policy","og_site_name":"SFTec - Drying new value","article_modified_time":"2023-05-03T13:54:46+00:00","twitter_card":"summary_large_image","twitter_misc":{"Est. reading time":"4 minutes"},"schema":{"@context":"https:\/\/schema.org","@graph":[{"@type":"WebPage","@id":"https:\/\/sftec.fi\/en\/privacy-policy","url":"https:\/\/sftec.fi\/en\/privacy-policy","name":"Privacy policy - SFTec - Drying new value","isPartOf":{"@id":"https:\/\/sftec.fi\/#website"},"datePublished":"2023-05-03T09:37:48+00:00","dateModified":"2023-05-03T13:54:46+00:00","breadcrumb":{"@id":"https:\/\/sftec.fi\/en\/privacy-policy#breadcrumb"},"inLanguage":"en-US","potentialAction":[{"@type":"ReadAction","target":["https:\/\/sftec.fi\/en\/privacy-policy"]}]},{"@type":"BreadcrumbList","@id":"https:\/\/sftec.fi\/en\/privacy-policy#breadcrumb","itemListElement":[{"@type":"ListItem","position":1,"name":"Home","item":"https:\/\/sftec.fi\/en"},{"@type":"ListItem","position":2,"name":"Privacy policy"}]},{"@type":"WebSite","@id":"https:\/\/sftec.fi\/#website","url":"https:\/\/sftec.fi\/","name":"SFTec - Drying new value","description":"","publisher":{"@id":"https:\/\/sftec.fi\/#organization"},"potentialAction":[{"@type":"SearchAction","target":{"@type":"EntryPoint","urlTemplate":"https:\/\/sftec.fi\/?s={search_term_string}"},"query-input":"required name=search_term_string"}],"inLanguage":"en-US"},{"@type":"Organization","@id":"https:\/\/sftec.fi\/#organization","name":"SFTec","url":"https:\/\/sftec.fi\/","logo":{"@type":"ImageObject","inLanguage":"en-US","@id":"https:\/\/sftec.fi\/#\/schema\/logo\/image\/","url":"https:\/\/sftec.fi\/wp-content\/uploads\/2023\/03\/SFTec-logo.png","contentUrl":"https:\/\/sftec.fi\/wp-content\/uploads\/2023\/03\/SFTec-logo.png","width":398,"height":114,"caption":"SFTec"},"image":{"@id":"https:\/\/sftec.fi\/#\/schema\/logo\/image\/"},"sameAs":["https:\/\/www.linkedin.com\/company\/sftec"]}]}},"_links":{"self":[{"href":"https:\/\/sftec.fi\/en\/wp-json\/wp\/v2\/pages\/2090"}],"collection":[{"href":"https:\/\/sftec.fi\/en\/wp-json\/wp\/v2\/pages"}],"about":[{"href":"https:\/\/sftec.fi\/en\/wp-json\/wp\/v2\/types\/page"}],"author":[{"embeddable":true,"href":"https:\/\/sftec.fi\/en\/wp-json\/wp\/v2\/users\/1"}],"replies":[{"embeddable":true,"href":"https:\/\/sftec.fi\/en\/wp-json\/wp\/v2\/comments?post=2090"}],"version-history":[{"count":8,"href":"https:\/\/sftec.fi\/en\/wp-json\/wp\/v2\/pages\/2090\/revisions"}],"predecessor-version":[{"id":2106,"href":"https:\/\/sftec.fi\/en\/wp-json\/wp\/v2\/pages\/2090\/revisions\/2106"}],"wp:attachment":[{"href":"https:\/\/sftec.fi\/en\/wp-json\/wp\/v2\/media?parent=2090"}],"curies":[{"name":"wp","href":"https:\/\/api.w.org\/{rel}","templated":true}]}}